{"id":4367,"date":"2025-06-10T12:00:55","date_gmt":"2025-06-10T10:00:55","guid":{"rendered":"https:\/\/digilex.online\/?page_id=4367"},"modified":"2025-06-11T11:36:43","modified_gmt":"2025-06-11T09:36:43","slug":"ekoloska-gradnja","status":"publish","type":"page","link":"https:\/\/ardeline.rs\/fr\/ekoloska-gradnja\/","title":{"rendered":"CONSTRUCTION \u00c9COLOGIQUE"},"content":{"rendered":"<div data-elementor-type=\"wp-page\" data-elementor-id=\"4367\" class=\"elementor elementor-4367\" data-elementor-post-type=\"page\">\n\t\t\t\t<div class=\"elementor-element elementor-element-11e42e37 e-con-full e-flex e-con e-parent\" data-id=\"11e42e37\" data-element_type=\"container\" data-e-type=\"container\" data-settings=\"{&quot;background_background&quot;:&quot;classic&quot;}\">\n\t\t\t\t<div class=\"elementor-element elementor-element-5cc4ba00 elementor-widget elementor-widget-text-editor\" data-id=\"5cc4ba00\" data-element_type=\"widget\" data-e-type=\"widget\" data-widget_type=\"text-editor.default\">\n\t\t\t\t<div class=\"elementor-widget-container\">\n\t\t\t\t\t\t\t\t\t<p style=\"text-align: center;\"><strong>\u00c9COLOGIQUE\u00a0<\/strong>ONSTRUCTION<\/p>\t\t\t\t\t\t\t\t<\/div>\n\t\t\t\t<\/div>\n\t\t\t\t<\/div>\n\t\t<div class=\"elementor-element elementor-element-22785fc e-flex e-con-boxed e-con e-parent\" data-id=\"22785fc\" data-element_type=\"container\" data-e-type=\"container\">\n\t\t\t\t\t<div class=\"e-con-inner\">\n\t\t\t\t<div class=\"elementor-element elementor-element-8fea05c elementor-widget elementor-widget-text-editor\" data-id=\"8fea05c\" data-element_type=\"widget\" data-e-type=\"widget\" data-widget_type=\"text-editor.default\">\n\t\t\t\t<div class=\"elementor-widget-container\">\n\t\t\t\t\t\t\t\t\t<p>Savremen na\u010din \u017eivljenja od ljudi zahteva brzo i efikasno funkcionisanje. To nas je podstaklo da\u00a0<span style=\"color: #333333;\"><strong>ponudimo brz i efikasan sistem gradnje<\/strong><\/span>. Monta\u017eni objekti se, pored brze gradnje, odlikuju i implementacijom savremenih i ekolo\u0161kih materijala, koji su danas, kad je ekolo\u0161ki svet na rubu egzistencije, od velikog zna\u010daja za \u010dove\u010danstvo. To nas je podstaklo da ARDE organizuje odr\u017eivu proizvodnju.<\/p>\t\t\t\t\t\t\t\t<\/div>\n\t\t\t\t<\/div>\n\t\t\t\t\t<\/div>\n\t\t\t\t<\/div>\n\t\t<div class=\"elementor-element elementor-element-c6c0b2d e-flex e-con-boxed e-con e-parent\" data-id=\"c6c0b2d\" data-element_type=\"container\" data-e-type=\"container\">\n\t\t\t\t\t<div class=\"e-con-inner\">\n\t\t\t\t<div class=\"elementor-element elementor-element-4ca4945 elementor-widget elementor-widget-text-editor\" data-id=\"4ca4945\" data-element_type=\"widget\" data-e-type=\"widget\" data-widget_type=\"text-editor.default\">\n\t\t\t\t<div class=\"elementor-widget-container\">\n\t\t\t\t\t\t\t\t\t<p>Cilj odr\u017eive proizvodnje i odr\u017eive gradnje je da se smanje potro\u0161nja energije i prirodnih resursa. \u017divotni ciklus jedne zgrade predstavlja proces uzimanja sirovine, izgradnje i demonta\u017ee iste.<\/p>\t\t\t\t\t\t\t\t<\/div>\n\t\t\t\t<\/div>\n\t\t\t\t\t<\/div>\n\t\t\t\t<\/div>\n\t\t<div class=\"elementor-element elementor-element-679ecf1 e-flex e-con-boxed e-con e-parent\" data-id=\"679ecf1\" data-element_type=\"container\" data-e-type=\"container\">\n\t\t\t\t\t<div class=\"e-con-inner\">\n\t\t\t\t<div class=\"elementor-element elementor-element-be7c079 elementor-widget elementor-widget-text-editor\" data-id=\"be7c079\" data-element_type=\"widget\" data-e-type=\"widget\" data-widget_type=\"text-editor.default\">\n\t\t\t\t<div class=\"elementor-widget-container\">\n\t\t\t\t\t\t\t\t\t<p>Ako uzmemo u obzir da industrija cementa u svetu tro\u0161i vi\u0161e energije od svih automobila, aviona i brodova zajedno, logi\u010dan sled je odabrati drvo kao glavni gra\u0111evinski materijal u objektu. Istra\u017eivanja ka\u017eu da je\u00a0<span style=\"color: #333333;\"><strong>proizvodnja cementa odgovorna za 50% ukupne zaga\u0111enosti<\/strong><\/span>\u00a0CO2 u svetu, dok se zaga\u0111enost emisijom CO2 od konvencionalnih motora iznosi svega 1%.<\/p>\t\t\t\t\t\t\t\t<\/div>\n\t\t\t\t<\/div>\n\t\t\t\t\t<\/div>\n\t\t\t\t<\/div>\n\t\t<div class=\"elementor-element elementor-element-b5dc8a3 e-flex e-con-boxed e-con e-parent\" data-id=\"b5dc8a3\" data-element_type=\"container\" data-e-type=\"container\">\n\t\t\t\t\t<div class=\"e-con-inner\">\n\t\t\t\t<div class=\"elementor-element elementor-element-a070bcb elementor-widget elementor-widget-text-editor\" data-id=\"a070bcb\" data-element_type=\"widget\" data-e-type=\"widget\" data-widget_type=\"text-editor.default\">\n\t\t\t\t<div class=\"elementor-widget-container\">\n\t\t\t\t\t\t\t\t\t<p>Jedno istra\u017eivanje o elektri\u010dnim automobilima dovelo je do saznanja da bi se cela Nema\u010dka elektroenergetska mre\u017ea uru\u0161ila kada bi se u opticaju na\u0161lo svega milion elektri\u010dnih automobila. To sve ukazuje da je elektri\u010dna mobilnost jo\u0161 uvek nedovoljno samostalna i efikasna.<\/p>\t\t\t\t\t\t\t\t<\/div>\n\t\t\t\t<\/div>\n\t\t\t\t\t<\/div>\n\t\t\t\t<\/div>\n\t\t<div class=\"elementor-element elementor-element-2b7ba98 e-flex e-con-boxed e-con e-parent\" data-id=\"2b7ba98\" data-element_type=\"container\" data-e-type=\"container\">\n\t\t\t\t\t<div class=\"e-con-inner\">\n\t\t\t\t<div class=\"elementor-element elementor-element-6fd8a9c elementor-widget elementor-widget-text-editor\" data-id=\"6fd8a9c\" data-element_type=\"widget\" data-e-type=\"widget\" data-widget_type=\"text-editor.default\">\n\t\t\t\t<div class=\"elementor-widget-container\">\n\t\t\t\t\t\t\t\t\t<p>Sve prethodne \u010dinjenice dovele su do promene svesti ljudi. Danas je neophodno da pojedinci direktno uti\u010du na globalnu svest. Izgradnjom pasivnih \u0161tedljivih objekata na\u010dini\u0107emo prvi zajedni\u010dki korak ka tome.\u00a0<span style=\"color: #333333;\"><strong>Pasivna ku\u0107a predstavlja gra\u0111evinski standard proteklih godina \u0161irom sveta<\/strong>.<\/span><\/p>\t\t\t\t\t\t\t\t<\/div>\n\t\t\t\t<\/div>\n\t\t\t\t\t<\/div>\n\t\t\t\t<\/div>\n\t\t<div class=\"elementor-element elementor-element-7ff9220 e-flex e-con-boxed e-con e-parent\" data-id=\"7ff9220\" data-element_type=\"container\" data-e-type=\"container\">\n\t\t\t\t\t<div class=\"e-con-inner\">\n\t\t\t\t<div class=\"elementor-element elementor-element-7fbe2a7 elementor-widget elementor-widget-text-editor\" data-id=\"7fbe2a7\" data-element_type=\"widget\" data-e-type=\"widget\" data-widget_type=\"text-editor.default\">\n\t\t\t\t<div class=\"elementor-widget-container\">\n\t\t\t\t\t\t\t\t\t<p>Pasivne ku\u0107e su zgrade koje obezbe\u0111uju ugodan unutra\u0161nji komfor, kako leti tako i zimi. Veoma dobro su izolovane, te im je potrebno 85-90% energije u pore\u0111enju sa konvencionalnim zgradama.<\/p>\t\t\t\t\t\t\t\t<\/div>\n\t\t\t\t<\/div>\n\t\t\t\t\t<\/div>\n\t\t\t\t<\/div>\n\t\t<div class=\"elementor-element elementor-element-4e076b4 e-flex e-con-boxed e-con e-parent\" data-id=\"4e076b4\" data-element_type=\"container\" data-e-type=\"container\">\n\t\t\t\t\t<div class=\"e-con-inner\">\n\t\t<div class=\"elementor-element elementor-element-9c01527 e-con-full e-flex e-con e-child\" data-id=\"9c01527\" data-element_type=\"container\" data-e-type=\"container\">\n\t\t\t\t<div class=\"elementor-element elementor-element-d0a4c95 elementor-widget elementor-widget-text-editor\" data-id=\"d0a4c95\" data-element_type=\"widget\" data-e-type=\"widget\" data-widget_type=\"text-editor.default\">\n\t\t\t\t<div class=\"elementor-widget-container\">\n\t\t\t\t\t\t\t\t\t<p><strong>Usled male potro\u0161nje energije nema potrebe za aktivnim grejnim telima, ve\u0107 se pasivne zgrade mogu dogrevati samo predgrejanim vazduhom.<\/strong><br \/><strong>\u201cPasivne ku\u0107e\u201d su zgrade koje imaju izrazito nisku potrebu za energijom za grejanje i zato im nisu potrebni aktivni sistemi grejanja.<\/strong><\/p>\t\t\t\t\t\t\t\t<\/div>\n\t\t\t\t<\/div>\n\t\t\t\t<\/div>\n\t\t\t\t\t<\/div>\n\t\t\t\t<\/div>\n\t\t<div class=\"elementor-element elementor-element-5fdc7f4 e-flex e-con-boxed e-con e-parent\" data-id=\"5fdc7f4\" data-element_type=\"container\" data-e-type=\"container\">\n\t\t\t\t\t<div class=\"e-con-inner\">\n\t\t\t\t<div class=\"elementor-element elementor-element-9bc2730 elementor-widget elementor-widget-text-editor\" data-id=\"9bc2730\" data-element_type=\"widget\" data-e-type=\"widget\" data-widget_type=\"text-editor.default\">\n\t\t\t\t<div class=\"elementor-widget-container\">\n\t\t\t\t\t\t\t\t\t<p>Ove ku\u0107e mogu da se greju \u201cpasivno\u201d, samo kori\u0161\u0107enjem unutra\u0161njih izvora toplote i solarnih dobitaka kroz prozore, kao i minimalnog dogrevanja sve\u017eim vazduhom.<\/p>\t\t\t\t\t\t\t\t<\/div>\n\t\t\t\t<\/div>\n\t\t\t\t\t<\/div>\n\t\t\t\t<\/div>\n\t\t<div class=\"elementor-element elementor-element-23a111a e-flex e-con-boxed e-con e-parent\" data-id=\"23a111a\" data-element_type=\"container\" data-e-type=\"container\">\n\t\t\t\t\t<div class=\"e-con-inner\">\n\t\t\t\t<div class=\"elementor-element elementor-element-1996996 elementor-widget elementor-widget-text-editor\" data-id=\"1996996\" data-element_type=\"widget\" data-e-type=\"widget\" data-widget_type=\"text-editor.default\">\n\t\t\t\t<div class=\"elementor-widget-container\">\n\t\t\t\t\t\t\t\t\t<p>Pasivna ku\u0107a predstavlja sklop vi\u0161e \u010dinioca:<\/p>\t\t\t\t\t\t\t\t<\/div>\n\t\t\t\t<\/div>\n\t\t\t\t<div class=\"elementor-element elementor-element-8ac2635 elementor-icon-list--layout-traditional elementor-list-item-link-full_width elementor-widget elementor-widget-icon-list\" data-id=\"8ac2635\" data-element_type=\"widget\" data-e-type=\"widget\" data-widget_type=\"icon-list.default\">\n\t\t\t\t<div class=\"elementor-widget-container\">\n\t\t\t\t\t\t\t<ul class=\"elementor-icon-list-items\">\n\t\t\t\t\t\t\t<li class=\"elementor-icon-list-item\">\n\t\t\t\t\t\t\t\t\t\t\t<span class=\"elementor-icon-list-icon\">\n\t\t\t\t\t\t\t<i aria-hidden=\"true\" class=\"fas fa-circle\"><\/i>\t\t\t\t\t\t<\/span>\n\t\t\t\t\t\t\t\t\t\t<span class=\"elementor-icon-list-text\">Projektovanje<\/span>\n\t\t\t\t\t\t\t\t\t<\/li>\n\t\t\t\t\t\t\t\t<li class=\"elementor-icon-list-item\">\n\t\t\t\t\t\t\t\t\t\t\t<span class=\"elementor-icon-list-icon\">\n\t\t\t\t\t\t\t<i aria-hidden=\"true\" class=\"fas fa-circle\"><\/i>\t\t\t\t\t\t<\/span>\n\t\t\t\t\t\t\t\t\t\t<span class=\"elementor-icon-list-text\">Zaptivenost objekta<\/span>\n\t\t\t\t\t\t\t\t\t<\/li>\n\t\t\t\t\t\t\t\t<li class=\"elementor-icon-list-item\">\n\t\t\t\t\t\t\t\t\t\t\t<span class=\"elementor-icon-list-icon\">\n\t\t\t\t\t\t\t<i aria-hidden=\"true\" class=\"fas fa-circle\"><\/i>\t\t\t\t\t\t<\/span>\n\t\t\t\t\t\t\t\t\t\t<span class=\"elementor-icon-list-text\">Izolacija objekta<\/span>\n\t\t\t\t\t\t\t\t\t<\/li>\n\t\t\t\t\t\t\t\t<li class=\"elementor-icon-list-item\">\n\t\t\t\t\t\t\t\t\t\t\t<span class=\"elementor-icon-list-icon\">\n\t\t\t\t\t\t\t<i aria-hidden=\"true\" class=\"fas fa-circle\"><\/i>\t\t\t\t\t\t<\/span>\n\t\t\t\t\t\t\t\t\t\t<span class=\"elementor-icon-list-text\">Komforno provetravanje<\/span>\n\t\t\t\t\t\t\t\t\t<\/li>\n\t\t\t\t\t\t\t\t<li class=\"elementor-icon-list-item\">\n\t\t\t\t\t\t\t\t\t\t\t<span class=\"elementor-icon-list-icon\">\n\t\t\t\t\t\t\t<i aria-hidden=\"true\" class=\"fas fa-circle\"><\/i>\t\t\t\t\t\t<\/span>\n\t\t\t\t\t\t\t\t\t\t<span class=\"elementor-icon-list-text\">Obnovljivi izvori energije<\/span>\n\t\t\t\t\t\t\t\t\t<\/li>\n\t\t\t\t\t\t\t\t<li class=\"elementor-icon-list-item\">\n\t\t\t\t\t\t\t\t\t\t\t<span class=\"elementor-icon-list-icon\">\n\t\t\t\t\t\t\t<i aria-hidden=\"true\" class=\"fas fa-circle\"><\/i>\t\t\t\t\t\t<\/span>\n\t\t\t\t\t\t\t\t\t\t<span class=\"elementor-icon-list-text\">Toplotne pumpe<\/span>\n\t\t\t\t\t\t\t\t\t<\/li>\n\t\t\t\t\t\t\t\t<li class=\"elementor-icon-list-item\">\n\t\t\t\t\t\t\t\t\t\t\t<span class=\"elementor-icon-list-icon\">\n\t\t\t\t\t\t\t<i aria-hidden=\"true\" class=\"fas fa-circle\"><\/i>\t\t\t\t\t\t<\/span>\n\t\t\t\t\t\t\t\t\t\t<span class=\"elementor-icon-list-text\">Stolarija visokih performansi<\/span>\n\t\t\t\t\t\t\t\t\t<\/li>\n\t\t\t\t\t\t\t\t<li class=\"elementor-icon-list-item\">\n\t\t\t\t\t\t\t\t\t\t\t<span class=\"elementor-icon-list-icon\">\n\t\t\t\t\t\t\t<i aria-hidden=\"true\" class=\"fas fa-circle\"><\/i>\t\t\t\t\t\t<\/span>\n\t\t\t\t\t\t\t\t\t\t<span class=\"elementor-icon-list-text\">Ku\u0107ni ure\u0111aji<\/span>\n\t\t\t\t\t\t\t\t\t<\/li>\n\t\t\t\t\t\t<\/ul>\n\t\t\t\t\t\t<\/div>\n\t\t\t\t<\/div>\n\t\t\t\t\t<\/div>\n\t\t\t\t<\/div>\n\t\t<div class=\"elementor-element elementor-element-aab035e e-flex e-con-boxed e-con e-parent\" data-id=\"aab035e\" data-element_type=\"container\" data-e-type=\"container\">\n\t\t\t\t\t<div class=\"e-con-inner\">\n\t\t\t\t<div class=\"elementor-element elementor-element-ab4386b elementor-widget elementor-widget-text-editor\" data-id=\"ab4386b\" data-element_type=\"widget\" data-e-type=\"widget\" data-widget_type=\"text-editor.default\">\n\t\t\t\t<div class=\"elementor-widget-container\">\n\t\t\t\t\t\t\t\t\t<p>Izgradnja ku\u0107e je li\u010dni stav, za sve ljude koji o tome sanjaju, ali i za ARDE tim koji svakom novom projektu pristupa sa velikom stra\u0161\u0107u. Izgradnja Va\u0161e ku\u0107e u saradnji sa nama predstavlja jedinstveno iskustvo.<\/p>\t\t\t\t\t\t\t\t<\/div>\n\t\t\t\t<\/div>\n\t\t\t\t\t<\/div>\n\t\t\t\t<\/div>\n\t\t<div class=\"elementor-element elementor-element-8cec6f1 e-flex e-con-boxed e-con e-parent\" data-id=\"8cec6f1\" data-element_type=\"container\" data-e-type=\"container\">\n\t\t\t\t\t<div class=\"e-con-inner\">\n\t\t<div class=\"elementor-element elementor-element-f8b429c e-con-full e-flex e-con e-child\" data-id=\"f8b429c\" data-element_type=\"container\" data-e-type=\"container\">\n\t\t\t\t<div class=\"elementor-element elementor-element-d76b3d4 elementor-widget elementor-widget-text-editor\" data-id=\"d76b3d4\" data-element_type=\"widget\" data-e-type=\"widget\" data-widget_type=\"text-editor.default\">\n\t\t\t\t<div class=\"elementor-widget-container\">\n\t\t\t\t\t\t\t\t\t<p><strong>Mi smo tu da Vam pru\u017eimo sigurnost, jednostavnost i efikasnost u izgradnji. Od samog po\u010detka mo\u0107i \u0107ete da pratite proces i bezbri\u017eno i opu\u0161teno gledate kako te\u010de nastanak Va\u0161e ku\u0107e. Mi od po\u010detka vodimo ra\u010duna o projektu.<\/strong><\/p>\t\t\t\t\t\t\t\t<\/div>\n\t\t\t\t<\/div>\n\t\t\t\t<\/div>\n\t\t\t\t\t<\/div>\n\t\t\t\t<\/div>\n\t\t<div class=\"elementor-element elementor-element-dabdb79 e-flex e-con-boxed e-con e-parent\" data-id=\"dabdb79\" data-element_type=\"container\" data-e-type=\"container\">\n\t\t\t\t\t<div class=\"e-con-inner\">\n\t\t\t\t<div class=\"elementor-element elementor-element-f4a55b2 elementor-widget elementor-widget-text-editor\" data-id=\"f4a55b2\" data-element_type=\"widget\" data-e-type=\"widget\" data-widget_type=\"text-editor.default\">\n\t\t\t\t<div class=\"elementor-widget-container\">\n\t\t\t\t\t\t\t\t\t<p>Zajedni\u010dkom saradnjom za cilj dobijamo objekat koji je po \u017eelji investitora i koji \u0107e funkcionalno i tehnolo\u0161ki zadovoljiti sve Va\u0161e zahteve.<\/p>\t\t\t\t\t\t\t\t<\/div>\n\t\t\t\t<\/div>\n\t\t\t\t\t<\/div>\n\t\t\t\t<\/div>\n\t\t<div class=\"elementor-element elementor-element-88f8d61 e-flex e-con-boxed e-con e-parent\" data-id=\"88f8d61\" data-element_type=\"container\" data-e-type=\"container\">\n\t\t\t\t\t<div class=\"e-con-inner\">\n\t\t\t\t<div class=\"elementor-element elementor-element-f7f4c5e elementor-widget elementor-widget-text-editor\" data-id=\"f7f4c5e\" data-element_type=\"widget\" data-e-type=\"widget\" data-widget_type=\"text-editor.default\">\n\t\t\t\t<div class=\"elementor-widget-container\">\n\t\t\t\t\t\t\t\t\t<p>Ceo proces kre\u0107e sa papira analizom potreba i \u017eelja koje se stave ispred nas. ARDE tim kre\u0107e u pripremu projekta na osnovu definisanih \u017eelja i ciljeva.<\/p>\t\t\t\t\t\t\t\t<\/div>\n\t\t\t\t<\/div>\n\t\t\t\t\t<\/div>\n\t\t\t\t<\/div>\n\t\t<div class=\"elementor-element elementor-element-b54a238 e-flex e-con-boxed e-con e-parent\" data-id=\"b54a238\" data-element_type=\"container\" data-e-type=\"container\">\n\t\t\t\t\t<div class=\"e-con-inner\">\n\t\t\t\t<div class=\"elementor-element elementor-element-a9b8813 elementor-widget elementor-widget-text-editor\" data-id=\"a9b8813\" data-element_type=\"widget\" data-e-type=\"widget\" data-widget_type=\"text-editor.default\">\n\t\t\t\t<div class=\"elementor-widget-container\">\n\t\t\t\t\t\t\t\t\t<p>Proizvodnja je organizovana tako da na samom po\u010detku imamo definisane termine isporuke i monta\u017ee, samim tim ostaje prostor za bolju logistiku na gradili\u0161tu.<\/p>\t\t\t\t\t\t\t\t<\/div>\n\t\t\t\t<\/div>\n\t\t\t\t\t<\/div>\n\t\t\t\t<\/div>\n\t\t\t\t<\/div>","protected":false},"excerpt":{"rendered":"<p>EKOLO\u0160KA\u00a0GRADNJA Savremen na\u010din \u017eivljenja od ljudi zahteva brzo i efikasno funkcionisanje. To nas je podstaklo da\u00a0ponudimo brz i efikasan sistem gradnje. Monta\u017eni objekti se, pored brze gradnje, odlikuju i implementacijom savremenih i ekolo\u0161kih materijala, koji su danas, kad je ekolo\u0161ki svet na rubu egzistencije, od velikog zna\u010daja za \u010dove\u010danstvo. To nas je podstaklo da ARDE [&hellip;]<\/p>\n","protected":false},"author":1,"featured_media":0,"parent":0,"menu_order":0,"comment_status":"closed","ping_status":"closed","template":"","meta":{"_acf_changed":false,"footnotes":""},"class_list":["post-4367","page","type-page","status-publish","hentry"],"acf":[],"_links":{"self":[{"href":"https:\/\/ardeline.rs\/fr\/wp-json\/wp\/v2\/pages\/4367","targetHints":{"allow":["GET"]}}],"collection":[{"href":"https:\/\/ardeline.rs\/fr\/wp-json\/wp\/v2\/pages"}],"about":[{"href":"https:\/\/ardeline.rs\/fr\/wp-json\/wp\/v2\/types\/page"}],"author":[{"embeddable":true,"href":"https:\/\/ardeline.rs\/fr\/wp-json\/wp\/v2\/users\/1"}],"replies":[{"embeddable":true,"href":"https:\/\/ardeline.rs\/fr\/wp-json\/wp\/v2\/comments?post=4367"}],"version-history":[{"count":100,"href":"https:\/\/ardeline.rs\/fr\/wp-json\/wp\/v2\/pages\/4367\/revisions"}],"predecessor-version":[{"id":5129,"href":"https:\/\/ardeline.rs\/fr\/wp-json\/wp\/v2\/pages\/4367\/revisions\/5129"}],"wp:attachment":[{"href":"https:\/\/ardeline.rs\/fr\/wp-json\/wp\/v2\/media?parent=4367"}],"curies":[{"name":"wp","href":"https:\/\/api.w.org\/{rel}","templated":true}]}}