{"id":3132,"date":"2025-06-04T09:20:13","date_gmt":"2025-06-04T07:20:13","guid":{"rendered":"https:\/\/digilex.online\/?page_id=3132"},"modified":"2025-06-11T09:46:21","modified_gmt":"2025-06-11T07:46:21","slug":"arde-unit-ekoloska-gradnja","status":"publish","type":"page","link":"https:\/\/ardeline.rs\/de\/arde-unit-ekoloska-gradnja\/","title":{"rendered":"Ekolo\u0161ka gradnja"},"content":{"rendered":"<div data-elementor-type=\"wp-page\" data-elementor-id=\"3132\" class=\"elementor elementor-3132\" data-elementor-post-type=\"page\">\n\t\t\t\t<div class=\"elementor-element elementor-element-efbc45f e-flex e-con-boxed e-con e-parent\" data-id=\"efbc45f\" data-element_type=\"container\" data-e-type=\"container\" data-settings=\"{&quot;background_background&quot;:&quot;classic&quot;}\">\n\t\t\t\t\t<div class=\"e-con-inner\">\n\t\t\t\t<div class=\"elementor-element elementor-element-52a59ae elementor-widget elementor-widget-heading\" data-id=\"52a59ae\" data-element_type=\"widget\" data-e-type=\"widget\" data-widget_type=\"heading.default\">\n\t\t\t\t<div class=\"elementor-widget-container\">\n\t\t\t\t\t<h1 class=\"elementor-heading-title elementor-size-default\">\u00d6KOLOGISCHES BAUEN<\/h1>\t\t\t\t<\/div>\n\t\t\t\t<\/div>\n\t\t\t\t\t<\/div>\n\t\t\t\t<\/div>\n\t\t<div class=\"elementor-element elementor-element-18950ee e-flex e-con-boxed e-con e-parent\" data-id=\"18950ee\" data-element_type=\"container\" data-e-type=\"container\">\n\t\t\t\t\t<div class=\"e-con-inner\">\n\t\t\t\t<div class=\"elementor-element elementor-element-4f54471 elementor-widget elementor-widget-heading\" data-id=\"4f54471\" data-element_type=\"widget\" data-e-type=\"widget\" data-widget_type=\"heading.default\">\n\t\t\t\t<div class=\"elementor-widget-container\">\n\t\t\t\t\t<h2 class=\"elementor-heading-title elementor-size-default\">Odr\u017eiva proizvodnja i gradnja \u2014 budu\u0107nost je sada<\/h2>\t\t\t\t<\/div>\n\t\t\t\t<\/div>\n\t\t\t\t<div class=\"elementor-element elementor-element-0f2a16c elementor-widget elementor-widget-text-editor\" data-id=\"0f2a16c\" data-element_type=\"widget\" data-e-type=\"widget\" data-widget_type=\"text-editor.default\">\n\t\t\t\t<div class=\"elementor-widget-container\">\n\t\t\t\t\t\t\t\t\t<p>Cilj odr\u017eive proizvodnje i gradnje jeste\u00a0<strong><b>smanjenje potro\u0161nje energije i prirodnih resursa<\/b><\/strong>. Tokom \u017eivotnog ciklusa zgrade \u2013 od eksploatacije sirovina do demonta\u017ee \u2013 klju\u010dno je koristiti materijale koji manje optere\u0107uju okolinu.<\/p><p>Zanimljiva \u010dinjenica:<\/p><p><strong><b>Industrija cementa tro\u0161i vi\u0161e energije nego svi automobili, avioni i brodovi zajedno.<\/b><\/strong><\/p><p>Dodatno:<\/p><ul><li><b><\/b><strong><b>Cementna industrija<\/b><\/strong>je odgovorna za \u010dak\u00a0<strong><b>50% globalnih emisija CO\u2082<\/b><\/strong>.<\/li><li>Nasuprot tome, konvencionalni motori emituju samo oko\u00a0<strong><b>1%<\/b><\/strong>.<\/li><\/ul><p>Zato se sve \u010de\u0161\u0107e\u00a0<strong><b>drvo bira kao glavni gra\u0111evinski materijal<\/b><\/strong>, jer je ekolo\u0161ki prihvatljivije i odr\u017eivo re\u0161enje.<\/p>\t\t\t\t\t\t\t\t<\/div>\n\t\t\t\t<\/div>\n\t\t\t\t\t<\/div>\n\t\t\t\t<\/div>\n\t\t\t\t<\/div>","protected":false},"excerpt":{"rendered":"<p>EKOLO\u0160KA GRADNJA Odr\u017eiva proizvodnja i gradnja \u2014 budu\u0107nost je sada Cilj odr\u017eive proizvodnje i gradnje jeste\u00a0smanjenje potro\u0161nje energije i prirodnih resursa. Tokom \u017eivotnog ciklusa zgrade \u2013 od eksploatacije sirovina do demonta\u017ee \u2013 klju\u010dno je koristiti materijale koji manje optere\u0107uju okolinu. Zanimljiva \u010dinjenica: Industrija cementa tro\u0161i vi\u0161e energije nego svi automobili, avioni i brodovi zajedno. Dodatno: [&hellip;]<\/p>\n","protected":false},"author":1,"featured_media":0,"parent":0,"menu_order":0,"comment_status":"closed","ping_status":"closed","template":"","meta":{"_acf_changed":false,"footnotes":""},"class_list":["post-3132","page","type-page","status-publish","hentry"],"acf":[],"_links":{"self":[{"href":"https:\/\/ardeline.rs\/de\/wp-json\/wp\/v2\/pages\/3132","targetHints":{"allow":["GET"]}}],"collection":[{"href":"https:\/\/ardeline.rs\/de\/wp-json\/wp\/v2\/pages"}],"about":[{"href":"https:\/\/ardeline.rs\/de\/wp-json\/wp\/v2\/types\/page"}],"author":[{"embeddable":true,"href":"https:\/\/ardeline.rs\/de\/wp-json\/wp\/v2\/users\/1"}],"replies":[{"embeddable":true,"href":"https:\/\/ardeline.rs\/de\/wp-json\/wp\/v2\/comments?post=3132"}],"version-history":[{"count":34,"href":"https:\/\/ardeline.rs\/de\/wp-json\/wp\/v2\/pages\/3132\/revisions"}],"predecessor-version":[{"id":4988,"href":"https:\/\/ardeline.rs\/de\/wp-json\/wp\/v2\/pages\/3132\/revisions\/4988"}],"wp:attachment":[{"href":"https:\/\/ardeline.rs\/de\/wp-json\/wp\/v2\/media?parent=3132"}],"curies":[{"name":"wp","href":"https:\/\/api.w.org\/{rel}","templated":true}]}}