{"id":28,"date":"2025-05-21T14:40:19","date_gmt":"2025-05-21T12:40:19","guid":{"rendered":"https:\/\/digilex.online\/?page_id=28"},"modified":"2025-06-11T13:57:33","modified_gmt":"2025-06-11T11:57:33","slug":"tehnicke-karakteristike","status":"publish","type":"page","link":"https:\/\/ardeline.rs\/de\/tehnicke-karakteristike\/","title":{"rendered":"Tehni\u010dke karakteristike"},"content":{"rendered":"<div data-elementor-type=\"wp-page\" data-elementor-id=\"28\" class=\"elementor elementor-28\" data-elementor-post-type=\"page\">\n\t\t\t\t<div class=\"elementor-element elementor-element-75f4e16 e-flex e-con-boxed e-con e-parent\" data-id=\"75f4e16\" data-element_type=\"container\" data-e-type=\"container\" data-settings=\"{&quot;background_background&quot;:&quot;classic&quot;}\">\n\t\t\t\t\t<div class=\"e-con-inner\">\n\t\t\t\t<div class=\"elementor-element elementor-element-87ed78c elementor-widget elementor-widget-text-editor\" data-id=\"87ed78c\" data-element_type=\"widget\" data-e-type=\"widget\" data-widget_type=\"text-editor.default\">\n\t\t\t\t<div class=\"elementor-widget-container\">\n\t\t\t\t\t\t\t\t\t<p style=\"text-align: center;\"><strong>TEHNI\u010cKE<br \/><\/strong>KARAKTERISTIKE<\/p>\t\t\t\t\t\t\t\t<\/div>\n\t\t\t\t<\/div>\n\t\t\t\t\t<\/div>\n\t\t\t\t<\/div>\n\t\t<div class=\"elementor-element elementor-element-8486e35 e-flex e-con-boxed e-con e-parent\" data-id=\"8486e35\" data-element_type=\"container\" data-e-type=\"container\">\n\t\t\t\t\t<div class=\"e-con-inner\">\n\t\t\t\t<div class=\"elementor-element elementor-element-09681bf elementor-widget elementor-widget-text-editor\" data-id=\"09681bf\" data-element_type=\"widget\" data-e-type=\"widget\" data-widget_type=\"text-editor.default\">\n\t\t\t\t<div class=\"elementor-widget-container\">\n\t\t\t\t\t\t\t\t\t<p style=\"text-align: center;\">ARDE sistem gradnje zasnovan je na savremenim principima i svetskim trendovima.<br \/>Na\u0161 proizvod predstavlja sklad savremenog sistema proizvodnje u kombinaciji sa ljudskim radom, ekolo\u0161kim i modernim materijalima.<br \/>Ovo je kombinacija za \u017eivot u zdravom prostoru.<\/p><p style=\"text-align: center;\">Mi Vam nudimo originalna re\u0161enja i savremen dizajn objekta.<br \/>Na\u0161e poslovanje smo prilagodili zdravom i savremenom boravku ljudi u odr\u017eivoj i ekonomi\u010dnoj jedinici.<\/p>\t\t\t\t\t\t\t\t<\/div>\n\t\t\t\t<\/div>\n\t\t\t\t\t<\/div>\n\t\t\t\t<\/div>\n\t\t<div class=\"elementor-element elementor-element-b69667b e-flex e-con-boxed e-con e-parent\" data-id=\"b69667b\" data-element_type=\"container\" data-e-type=\"container\">\n\t\t\t\t\t<div class=\"e-con-inner\">\n\t\t<a class=\"elementor-element elementor-element-d553f83 e-con-full e-flex e-con e-child\" data-id=\"d553f83\" data-element_type=\"container\" data-e-type=\"container\" href=\"https:\/\/ardeline.rs\/de\/arde-basic\/\">\n\t\t\t\t<div class=\"elementor-element elementor-element-83c1e8e elementor-widget elementor-widget-image\" data-id=\"83c1e8e\" data-element_type=\"widget\" data-e-type=\"widget\" data-widget_type=\"image.default\">\n\t\t\t\t<div class=\"elementor-widget-container\">\n\t\t\t\t\t\t\t\t\t\t\t\t\t\t\t<img fetchpriority=\"high\" decoding=\"async\" width=\"800\" height=\"600\" src=\"https:\/\/ardeline.rs\/wp-content\/uploads\/2025\/05\/Basic-1.jpg\" class=\"attachment-large size-large wp-image-517\" alt=\"\" srcset=\"https:\/\/ardeline.rs\/wp-content\/uploads\/2025\/05\/Basic-1.jpg 800w, https:\/\/ardeline.rs\/wp-content\/uploads\/2025\/05\/Basic-1-300x225.jpg 300w, https:\/\/ardeline.rs\/wp-content\/uploads\/2025\/05\/Basic-1-768x576.jpg 768w\" sizes=\"(max-width: 800px) 100vw, 800px\" \/>\t\t\t\t\t\t\t\t\t\t\t\t\t\t\t<\/div>\n\t\t\t\t<\/div>\n\t\t\t\t<div class=\"elementor-element elementor-element-92bc03e elementor-widget-divider--view-line elementor-widget elementor-widget-divider\" data-id=\"92bc03e\" data-element_type=\"widget\" data-e-type=\"widget\" data-widget_type=\"divider.default\">\n\t\t\t\t<div class=\"elementor-widget-container\">\n\t\t\t\t\t\t\t<div class=\"elementor-divider\">\n\t\t\t<span class=\"elementor-divider-separator\">\n\t\t\t\t\t\t<\/span>\n\t\t<\/div>\n\t\t\t\t\t\t<\/div>\n\t\t\t\t<\/div>\n\t\t\t\t<div class=\"elementor-element elementor-element-7037d76 elementor-widget elementor-widget-heading\" data-id=\"7037d76\" data-element_type=\"widget\" data-e-type=\"widget\" data-widget_type=\"heading.default\">\n\t\t\t\t<div class=\"elementor-widget-container\">\n\t\t\t\t\t<h2 class=\"elementor-heading-title elementor-size-default\">Arde BASIC<\/h2>\t\t\t\t<\/div>\n\t\t\t\t<\/div>\n\t\t\t\t<\/a>\n\t\t<a class=\"elementor-element elementor-element-99dc59f e-con-full e-flex e-con e-child\" data-id=\"99dc59f\" data-element_type=\"container\" data-e-type=\"container\" href=\"https:\/\/ardeline.rs\/de\/arde-basic-2\/\">\n\t\t\t\t<div class=\"elementor-element elementor-element-dbb90c3 elementor-widget elementor-widget-image\" data-id=\"dbb90c3\" data-element_type=\"widget\" data-e-type=\"widget\" data-widget_type=\"image.default\">\n\t\t\t\t<div class=\"elementor-widget-container\">\n\t\t\t\t\t\t\t\t\t\t\t\t\t\t\t<img decoding=\"async\" width=\"800\" height=\"600\" src=\"https:\/\/ardeline.rs\/wp-content\/uploads\/2025\/05\/Basic-.jpg\" class=\"attachment-large size-large wp-image-526\" alt=\"\" srcset=\"https:\/\/ardeline.rs\/wp-content\/uploads\/2025\/05\/Basic-.jpg 800w, https:\/\/ardeline.rs\/wp-content\/uploads\/2025\/05\/Basic--300x225.jpg 300w, https:\/\/ardeline.rs\/wp-content\/uploads\/2025\/05\/Basic--768x576.jpg 768w\" sizes=\"(max-width: 800px) 100vw, 800px\" \/>\t\t\t\t\t\t\t\t\t\t\t\t\t\t\t<\/div>\n\t\t\t\t<\/div>\n\t\t\t\t<div class=\"elementor-element elementor-element-c8b8685 elementor-widget-divider--view-line elementor-widget elementor-widget-divider\" data-id=\"c8b8685\" data-element_type=\"widget\" data-e-type=\"widget\" data-widget_type=\"divider.default\">\n\t\t\t\t<div class=\"elementor-widget-container\">\n\t\t\t\t\t\t\t<div class=\"elementor-divider\">\n\t\t\t<span class=\"elementor-divider-separator\">\n\t\t\t\t\t\t<\/span>\n\t\t<\/div>\n\t\t\t\t\t\t<\/div>\n\t\t\t\t<\/div>\n\t\t\t\t<div class=\"elementor-element elementor-element-68dd4dc elementor-widget elementor-widget-heading\" data-id=\"68dd4dc\" data-element_type=\"widget\" data-e-type=\"widget\" data-widget_type=\"heading.default\">\n\t\t\t\t<div class=\"elementor-widget-container\">\n\t\t\t\t\t<h2 class=\"elementor-heading-title elementor-size-default\">Arde BASIC +<\/h2>\t\t\t\t<\/div>\n\t\t\t\t<\/div>\n\t\t\t\t<\/a>\n\t\t<a class=\"elementor-element elementor-element-6ed7d84 e-con-full e-flex e-con e-child\" data-id=\"6ed7d84\" data-element_type=\"container\" data-e-type=\"container\" href=\"https:\/\/ardeline.rs\/de\/arde-living\/\">\n\t\t\t\t<div class=\"elementor-element elementor-element-ae07a9f elementor-widget elementor-widget-image\" data-id=\"ae07a9f\" data-element_type=\"widget\" data-e-type=\"widget\" data-widget_type=\"image.default\">\n\t\t\t\t<div class=\"elementor-widget-container\">\n\t\t\t\t\t\t\t\t\t\t\t\t\t\t\t<img decoding=\"async\" width=\"800\" height=\"600\" src=\"https:\/\/ardeline.rs\/wp-content\/uploads\/2025\/05\/Living.jpg\" class=\"attachment-large size-large wp-image-550\" alt=\"\" srcset=\"https:\/\/ardeline.rs\/wp-content\/uploads\/2025\/05\/Living.jpg 800w, https:\/\/ardeline.rs\/wp-content\/uploads\/2025\/05\/Living-300x225.jpg 300w, https:\/\/ardeline.rs\/wp-content\/uploads\/2025\/05\/Living-768x576.jpg 768w\" sizes=\"(max-width: 800px) 100vw, 800px\" \/>\t\t\t\t\t\t\t\t\t\t\t\t\t\t\t<\/div>\n\t\t\t\t<\/div>\n\t\t\t\t<div class=\"elementor-element elementor-element-ac038a1 elementor-widget-divider--view-line elementor-widget elementor-widget-divider\" data-id=\"ac038a1\" data-element_type=\"widget\" data-e-type=\"widget\" data-widget_type=\"divider.default\">\n\t\t\t\t<div class=\"elementor-widget-container\">\n\t\t\t\t\t\t\t<div class=\"elementor-divider\">\n\t\t\t<span class=\"elementor-divider-separator\">\n\t\t\t\t\t\t<\/span>\n\t\t<\/div>\n\t\t\t\t\t\t<\/div>\n\t\t\t\t<\/div>\n\t\t\t\t<div class=\"elementor-element elementor-element-16dd2c4 elementor-widget elementor-widget-heading\" data-id=\"16dd2c4\" data-element_type=\"widget\" data-e-type=\"widget\" data-widget_type=\"heading.default\">\n\t\t\t\t<div class=\"elementor-widget-container\">\n\t\t\t\t\t<h2 class=\"elementor-heading-title elementor-size-default\">Arde LIVING<\/h2>\t\t\t\t<\/div>\n\t\t\t\t<\/div>\n\t\t\t\t<\/a>\n\t\t<a class=\"elementor-element elementor-element-945a2ec e-con-full e-flex e-con e-child\" data-id=\"945a2ec\" data-element_type=\"container\" data-e-type=\"container\" href=\"https:\/\/ardeline.rs\/de\/arde-mega\/\">\n\t\t\t\t<div class=\"elementor-element elementor-element-6a01ce1 elementor-widget elementor-widget-image\" data-id=\"6a01ce1\" data-element_type=\"widget\" data-e-type=\"widget\" data-widget_type=\"image.default\">\n\t\t\t\t<div class=\"elementor-widget-container\">\n\t\t\t\t\t\t\t\t\t\t\t\t\t\t\t<img loading=\"lazy\" decoding=\"async\" width=\"800\" height=\"600\" src=\"https:\/\/ardeline.rs\/wp-content\/uploads\/2025\/05\/Mega.jpg\" class=\"attachment-large size-large wp-image-555\" alt=\"\" srcset=\"https:\/\/ardeline.rs\/wp-content\/uploads\/2025\/05\/Mega.jpg 800w, https:\/\/ardeline.rs\/wp-content\/uploads\/2025\/05\/Mega-300x225.jpg 300w, https:\/\/ardeline.rs\/wp-content\/uploads\/2025\/05\/Mega-768x576.jpg 768w\" sizes=\"(max-width: 800px) 100vw, 800px\" \/>\t\t\t\t\t\t\t\t\t\t\t\t\t\t\t<\/div>\n\t\t\t\t<\/div>\n\t\t\t\t<div class=\"elementor-element elementor-element-cf27d92 elementor-widget-divider--view-line elementor-widget elementor-widget-divider\" data-id=\"cf27d92\" data-element_type=\"widget\" data-e-type=\"widget\" data-widget_type=\"divider.default\">\n\t\t\t\t<div class=\"elementor-widget-container\">\n\t\t\t\t\t\t\t<div class=\"elementor-divider\">\n\t\t\t<span class=\"elementor-divider-separator\">\n\t\t\t\t\t\t<\/span>\n\t\t<\/div>\n\t\t\t\t\t\t<\/div>\n\t\t\t\t<\/div>\n\t\t\t\t<div class=\"elementor-element elementor-element-a7d330d elementor-widget elementor-widget-heading\" data-id=\"a7d330d\" data-element_type=\"widget\" data-e-type=\"widget\" data-widget_type=\"heading.default\">\n\t\t\t\t<div class=\"elementor-widget-container\">\n\t\t\t\t\t<h2 class=\"elementor-heading-title elementor-size-default\">Arde MEGA<\/h2>\t\t\t\t<\/div>\n\t\t\t\t<\/div>\n\t\t\t\t<\/a>\n\t\t<a class=\"elementor-element elementor-element-a721dd5 e-con-full e-flex e-con e-child\" data-id=\"a721dd5\" data-element_type=\"container\" data-e-type=\"container\" href=\"https:\/\/ardeline.rs\/de\/arde-mega-wood\/\">\n\t\t\t\t<div class=\"elementor-element elementor-element-6c048f6 elementor-widget elementor-widget-image\" data-id=\"6c048f6\" data-element_type=\"widget\" data-e-type=\"widget\" data-widget_type=\"image.default\">\n\t\t\t\t<div class=\"elementor-widget-container\">\n\t\t\t\t\t\t\t\t\t\t\t\t\t\t\t<img loading=\"lazy\" decoding=\"async\" width=\"800\" height=\"600\" src=\"https:\/\/ardeline.rs\/wp-content\/uploads\/2025\/05\/MEGA-WOOD.jpg\" class=\"attachment-large size-large wp-image-565\" alt=\"\" srcset=\"https:\/\/ardeline.rs\/wp-content\/uploads\/2025\/05\/MEGA-WOOD.jpg 800w, https:\/\/ardeline.rs\/wp-content\/uploads\/2025\/05\/MEGA-WOOD-300x225.jpg 300w, https:\/\/ardeline.rs\/wp-content\/uploads\/2025\/05\/MEGA-WOOD-768x576.jpg 768w\" sizes=\"(max-width: 800px) 100vw, 800px\" \/>\t\t\t\t\t\t\t\t\t\t\t\t\t\t\t<\/div>\n\t\t\t\t<\/div>\n\t\t\t\t<div class=\"elementor-element elementor-element-7717de2 elementor-widget-divider--view-line elementor-widget elementor-widget-divider\" data-id=\"7717de2\" data-element_type=\"widget\" data-e-type=\"widget\" data-widget_type=\"divider.default\">\n\t\t\t\t<div class=\"elementor-widget-container\">\n\t\t\t\t\t\t\t<div class=\"elementor-divider\">\n\t\t\t<span class=\"elementor-divider-separator\">\n\t\t\t\t\t\t<\/span>\n\t\t<\/div>\n\t\t\t\t\t\t<\/div>\n\t\t\t\t<\/div>\n\t\t\t\t<div class=\"elementor-element elementor-element-e3706a5 elementor-widget elementor-widget-heading\" data-id=\"e3706a5\" data-element_type=\"widget\" data-e-type=\"widget\" data-widget_type=\"heading.default\">\n\t\t\t\t<div class=\"elementor-widget-container\">\n\t\t\t\t\t<h2 class=\"elementor-heading-title elementor-size-default\">Arde MEGA WOOD<\/h2>\t\t\t\t<\/div>\n\t\t\t\t<\/div>\n\t\t\t\t<\/a>\n\t\t\t\t\t<\/div>\n\t\t\t\t<\/div>\n\t\t<div class=\"elementor-element elementor-element-775bef2 e-flex e-con-boxed e-con e-parent\" data-id=\"775bef2\" data-element_type=\"container\" data-e-type=\"container\" data-settings=\"{&quot;background_background&quot;:&quot;classic&quot;}\">\n\t\t\t\t\t<div class=\"e-con-inner\">\n\t\t<div class=\"elementor-element elementor-element-0668396 e-con-full e-flex e-con e-child\" data-id=\"0668396\" data-element_type=\"container\" data-e-type=\"container\">\n\t\t\t\t<div class=\"elementor-element elementor-element-7812013 elementor-widget elementor-widget-text-editor\" data-id=\"7812013\" data-element_type=\"widget\" data-e-type=\"widget\" data-widget_type=\"text-editor.default\">\n\t\t\t\t<div class=\"elementor-widget-container\">\n\t\t\t\t\t\t\t\t\t<p><span style=\"color: #000000;\">Fasadna<\/span>\u00a0<span style=\"color: #519629;\"><strong>STOLARIJA<\/strong><\/span><\/p>\t\t\t\t\t\t\t\t<\/div>\n\t\t\t\t<\/div>\n\t\t\t\t<div class=\"elementor-element elementor-element-a2a3f2e elementor-widget elementor-widget-text-editor\" data-id=\"a2a3f2e\" data-element_type=\"widget\" data-e-type=\"widget\" data-widget_type=\"text-editor.default\">\n\t\t\t\t<div class=\"elementor-widget-container\">\n\t\t\t\t\t\t\t\t\t<p>Prilikom definisanja projekta, puno pa\u017enje se pola\u017ee odabiru fasadne stolarije. Na Vama je da defini\u0161ete tip konstrukcije, tip drveta, boje i dezene. U saradnji sa partnerskom firmom stojimo Vam na raspolaganju da Va\u0161a ku\u0107a bude potpuno prilago\u0111ena Vama. Kao osnovni odabir nudimo drvenu i drvo-aluminijum stolariju.<\/p>\t\t\t\t\t\t\t\t<\/div>\n\t\t\t\t<\/div>\n\t\t\t\t<div class=\"elementor-element elementor-element-4fd6b11 elementor-widget elementor-widget-button\" data-id=\"4fd6b11\" data-element_type=\"widget\" data-e-type=\"widget\" data-widget_type=\"button.default\">\n\t\t\t\t<div class=\"elementor-widget-container\">\n\t\t\t\t\t\t\t\t\t<div class=\"elementor-button-wrapper\">\n\t\t\t\t\t<a class=\"elementor-button elementor-button-link elementor-size-sm\" href=\"https:\/\/smaj.rs\/\" target=\"_blank\" rel=\"noopener\">\n\t\t\t\t\t\t<span class=\"elementor-button-content-wrapper\">\n\t\t\t\t\t\t\t\t\t<span class=\"elementor-button-text\">SMAJ.RS<\/span>\n\t\t\t\t\t<\/span>\n\t\t\t\t\t<\/a>\n\t\t\t\t<\/div>\n\t\t\t\t\t\t\t\t<\/div>\n\t\t\t\t<\/div>\n\t\t\t\t<\/div>\n\t\t<div class=\"elementor-element elementor-element-0825ecf e-con-full e-flex e-con e-child\" data-id=\"0825ecf\" data-element_type=\"container\" data-e-type=\"container\">\n\t\t\t\t<div class=\"elementor-element elementor-element-f81169e elementor-widget elementor-widget-image\" data-id=\"f81169e\" data-element_type=\"widget\" data-e-type=\"widget\" data-widget_type=\"image.default\">\n\t\t\t\t<div class=\"elementor-widget-container\">\n\t\t\t\t\t\t\t\t\t\t\t\t\t\t\t<img loading=\"lazy\" decoding=\"async\" width=\"800\" height=\"800\" src=\"https:\/\/ardeline.rs\/wp-content\/uploads\/2025\/05\/Prozori_drvo--1024x1024.png\" class=\"attachment-large size-large wp-image-654\" alt=\"\" srcset=\"https:\/\/ardeline.rs\/wp-content\/uploads\/2025\/05\/Prozori_drvo--1024x1024.png 1024w, https:\/\/ardeline.rs\/wp-content\/uploads\/2025\/05\/Prozori_drvo--300x300.png 300w, https:\/\/ardeline.rs\/wp-content\/uploads\/2025\/05\/Prozori_drvo--150x150.png 150w, https:\/\/ardeline.rs\/wp-content\/uploads\/2025\/05\/Prozori_drvo--768x768.png 768w, https:\/\/ardeline.rs\/wp-content\/uploads\/2025\/05\/Prozori_drvo-.png 1200w\" sizes=\"(max-width: 800px) 100vw, 800px\" \/>\t\t\t\t\t\t\t\t\t\t\t\t\t\t\t<\/div>\n\t\t\t\t<\/div>\n\t\t\t\t<\/div>\n\t\t<div class=\"elementor-element elementor-element-04adda1 e-con-full e-flex e-con e-child\" data-id=\"04adda1\" data-element_type=\"container\" data-e-type=\"container\">\n\t\t\t\t<div class=\"elementor-element elementor-element-726c011 elementor-widget elementor-widget-image\" data-id=\"726c011\" data-element_type=\"widget\" data-e-type=\"widget\" data-widget_type=\"image.default\">\n\t\t\t\t<div class=\"elementor-widget-container\">\n\t\t\t\t\t\t\t\t\t\t\t\t\t\t\t<img loading=\"lazy\" decoding=\"async\" width=\"800\" height=\"800\" src=\"https:\/\/ardeline.rs\/wp-content\/uploads\/2025\/05\/Prozori_drvo_aluminijum--1024x1024.png\" class=\"attachment-large size-large wp-image-655\" alt=\"\" srcset=\"https:\/\/ardeline.rs\/wp-content\/uploads\/2025\/05\/Prozori_drvo_aluminijum--1024x1024.png 1024w, https:\/\/ardeline.rs\/wp-content\/uploads\/2025\/05\/Prozori_drvo_aluminijum--300x300.png 300w, https:\/\/ardeline.rs\/wp-content\/uploads\/2025\/05\/Prozori_drvo_aluminijum--150x150.png 150w, https:\/\/ardeline.rs\/wp-content\/uploads\/2025\/05\/Prozori_drvo_aluminijum--768x768.png 768w, https:\/\/ardeline.rs\/wp-content\/uploads\/2025\/05\/Prozori_drvo_aluminijum-.png 1200w\" sizes=\"(max-width: 800px) 100vw, 800px\" \/>\t\t\t\t\t\t\t\t\t\t\t\t\t\t\t<\/div>\n\t\t\t\t<\/div>\n\t\t\t\t<\/div>\n\t\t\t\t\t<\/div>\n\t\t\t\t<\/div>\n\t\t\t\t<\/div>","protected":false},"excerpt":{"rendered":"<p>TEHNI\u010cKEKARAKTERISTIKE ARDE sistem gradnje zasnovan je na savremenim principima i svetskim trendovima.Na\u0161 proizvod predstavlja sklad savremenog sistema proizvodnje u kombinaciji sa ljudskim radom, ekolo\u0161kim i modernim materijalima.Ovo je kombinacija za \u017eivot u zdravom prostoru. Mi Vam nudimo originalna re\u0161enja i savremen dizajn objekta.Na\u0161e poslovanje smo prilagodili zdravom i savremenom boravku ljudi u odr\u017eivoj i ekonomi\u010dnoj [&hellip;]<\/p>\n","protected":false},"author":1,"featured_media":0,"parent":0,"menu_order":0,"comment_status":"closed","ping_status":"closed","template":"","meta":{"_acf_changed":false,"footnotes":""},"class_list":["post-28","page","type-page","status-publish","hentry"],"acf":[],"_links":{"self":[{"href":"https:\/\/ardeline.rs\/de\/wp-json\/wp\/v2\/pages\/28","targetHints":{"allow":["GET"]}}],"collection":[{"href":"https:\/\/ardeline.rs\/de\/wp-json\/wp\/v2\/pages"}],"about":[{"href":"https:\/\/ardeline.rs\/de\/wp-json\/wp\/v2\/types\/page"}],"author":[{"embeddable":true,"href":"https:\/\/ardeline.rs\/de\/wp-json\/wp\/v2\/users\/1"}],"replies":[{"embeddable":true,"href":"https:\/\/ardeline.rs\/de\/wp-json\/wp\/v2\/comments?post=28"}],"version-history":[{"count":184,"href":"https:\/\/ardeline.rs\/de\/wp-json\/wp\/v2\/pages\/28\/revisions"}],"predecessor-version":[{"id":5298,"href":"https:\/\/ardeline.rs\/de\/wp-json\/wp\/v2\/pages\/28\/revisions\/5298"}],"wp:attachment":[{"href":"https:\/\/ardeline.rs\/de\/wp-json\/wp\/v2\/media?parent=28"}],"curies":[{"name":"wp","href":"https:\/\/api.w.org\/{rel}","templated":true}]}}